{"id":102,"date":"2014-03-21T16:10:49","date_gmt":"2014-03-21T16:10:49","guid":{"rendered":"http:\/\/demo.themegrill.com\/spacious\/?page_id=102"},"modified":"2021-11-05T16:58:34","modified_gmt":"2021-11-05T13:58:34","slug":"wooden-products","status":"publish","type":"page","link":"https:\/\/bilzerpackaging.com\/tr\/products\/wooden-products\/","title":{"rendered":"Ah\u015fap \u00dcr\u00fcnler"},"content":{"rendered":"<figure class=\"wp-block-gallery columns-3 is-cropped wp-block-gallery-1 is-layout-flex wp-block-gallery-is-layout-flex\"><ul class=\"blocks-gallery-grid\"><li class=\"blocks-gallery-item\"><figure><img loading=\"lazy\" decoding=\"async\" width=\"1024\" height=\"394\" src=\"http:\/\/bilzerpackaging.com\/wp-content\/uploads\/2021\/09\/ice-cream-spoon-wooden-products-1024x394.jpg\" alt=\"\" data-id=\"733\" data-full-url=\"http:\/\/bilzerpackaging.com\/wp-content\/uploads\/2021\/09\/ice-cream-spoon-wooden-products-scaled.jpg\" data-link=\"http:\/\/bilzerpackaging.com\/products\/wooden-products\/popsicle-sticks-wooden-elements-for-ice-cream\/\" class=\"wp-image-733\" srcset=\"https:\/\/bilzerpackaging.com\/wp-content\/uploads\/2021\/09\/ice-cream-spoon-wooden-products-1024x394.jpg 1024w, https:\/\/bilzerpackaging.com\/wp-content\/uploads\/2021\/09\/ice-cream-spoon-wooden-products-300x115.jpg 300w, https:\/\/bilzerpackaging.com\/wp-content\/uploads\/2021\/09\/ice-cream-spoon-wooden-products-768x295.jpg 768w, https:\/\/bilzerpackaging.com\/wp-content\/uploads\/2021\/09\/ice-cream-spoon-wooden-products-1536x591.jpg 1536w, https:\/\/bilzerpackaging.com\/wp-content\/uploads\/2021\/09\/ice-cream-spoon-wooden-products-2048x788.jpg 2048w, https:\/\/bilzerpackaging.com\/wp-content\/uploads\/2021\/09\/ice-cream-spoon-wooden-products-600x231.jpg 600w\" sizes=\"auto, (max-width: 1024px) 100vw, 1024px\" \/><figcaption class=\"blocks-gallery-item__caption\">Dondurma Ka\u015f\u0131klar\u0131<\/figcaption><\/figure><\/li><li class=\"blocks-gallery-item\"><figure><img loading=\"lazy\" decoding=\"async\" width=\"1024\" height=\"872\" src=\"http:\/\/bilzerpackaging.com\/wp-content\/uploads\/2021\/09\/wooden-fork-spoons-wooden-products-1024x872.jpg\" alt=\"\" data-id=\"783\" data-full-url=\"http:\/\/bilzerpackaging.com\/wp-content\/uploads\/2021\/09\/wooden-fork-spoons-wooden-products-scaled.jpg\" data-link=\"http:\/\/bilzerpackaging.com\/products\/wooden-products\/wooden-fork-spoons-wooden-products\/\" class=\"wp-image-783\" srcset=\"https:\/\/bilzerpackaging.com\/wp-content\/uploads\/2021\/09\/wooden-fork-spoons-wooden-products-1024x872.jpg 1024w, https:\/\/bilzerpackaging.com\/wp-content\/uploads\/2021\/09\/wooden-fork-spoons-wooden-products-300x255.jpg 300w, https:\/\/bilzerpackaging.com\/wp-content\/uploads\/2021\/09\/wooden-fork-spoons-wooden-products-768x654.jpg 768w, https:\/\/bilzerpackaging.com\/wp-content\/uploads\/2021\/09\/wooden-fork-spoons-wooden-products-1536x1308.jpg 1536w, https:\/\/bilzerpackaging.com\/wp-content\/uploads\/2021\/09\/wooden-fork-spoons-wooden-products-2048x1743.jpg 2048w, https:\/\/bilzerpackaging.com\/wp-content\/uploads\/2021\/09\/wooden-fork-spoons-wooden-products-600x511.jpg 600w\" sizes=\"auto, (max-width: 1024px) 100vw, 1024px\" \/><figcaption class=\"blocks-gallery-item__caption\">Ah\u015fap \u00c7atallar&amp;Ka\u015f\u0131klar<\/figcaption><\/figure><\/li><li class=\"blocks-gallery-item\"><figure><img loading=\"lazy\" decoding=\"async\" width=\"1024\" height=\"530\" src=\"http:\/\/bilzerpackaging.com\/wp-content\/uploads\/2021\/09\/wooden-spoon-fork-knife-wooden-products-1024x530.jpg\" alt=\"\" data-id=\"784\" data-full-url=\"http:\/\/bilzerpackaging.com\/wp-content\/uploads\/2021\/09\/wooden-spoon-fork-knife-wooden-products-scaled.jpg\" data-link=\"http:\/\/bilzerpackaging.com\/products\/wooden-products\/wooden-cutlery-paper-cup-and-metal-straw\/\" class=\"wp-image-784\" srcset=\"https:\/\/bilzerpackaging.com\/wp-content\/uploads\/2021\/09\/wooden-spoon-fork-knife-wooden-products-1024x530.jpg 1024w, https:\/\/bilzerpackaging.com\/wp-content\/uploads\/2021\/09\/wooden-spoon-fork-knife-wooden-products-300x155.jpg 300w, https:\/\/bilzerpackaging.com\/wp-content\/uploads\/2021\/09\/wooden-spoon-fork-knife-wooden-products-768x397.jpg 768w, https:\/\/bilzerpackaging.com\/wp-content\/uploads\/2021\/09\/wooden-spoon-fork-knife-wooden-products-1536x794.jpg 1536w, https:\/\/bilzerpackaging.com\/wp-content\/uploads\/2021\/09\/wooden-spoon-fork-knife-wooden-products-2048x1059.jpg 2048w, https:\/\/bilzerpackaging.com\/wp-content\/uploads\/2021\/09\/wooden-spoon-fork-knife-wooden-products-600x310.jpg 600w\" sizes=\"auto, (max-width: 1024px) 100vw, 1024px\" \/><figcaption class=\"blocks-gallery-item__caption\">\u00c7atal&amp;B\u0131\u00e7ak Seti<\/figcaption><\/figure><\/li><\/ul><\/figure>\n\n\n\n<p><\/p>","protected":false},"excerpt":{"rendered":"","protected":false},"author":1,"featured_media":630,"parent":92,"menu_order":0,"comment_status":"closed","ping_status":"open","template":"","meta":{"footnotes":""},"class_list":["post-102","page","type-page","status-publish","has-post-thumbnail","hentry"],"_links":{"self":[{"href":"https:\/\/bilzerpackaging.com\/tr\/wp-json\/wp\/v2\/pages\/102","targetHints":{"allow":["GET"]}}],"collection":[{"href":"https:\/\/bilzerpackaging.com\/tr\/wp-json\/wp\/v2\/pages"}],"about":[{"href":"https:\/\/bilzerpackaging.com\/tr\/wp-json\/wp\/v2\/types\/page"}],"author":[{"embeddable":true,"href":"https:\/\/bilzerpackaging.com\/tr\/wp-json\/wp\/v2\/users\/1"}],"replies":[{"embeddable":true,"href":"https:\/\/bilzerpackaging.com\/tr\/wp-json\/wp\/v2\/comments?post=102"}],"version-history":[{"count":8,"href":"https:\/\/bilzerpackaging.com\/tr\/wp-json\/wp\/v2\/pages\/102\/revisions"}],"predecessor-version":[{"id":969,"href":"https:\/\/bilzerpackaging.com\/tr\/wp-json\/wp\/v2\/pages\/102\/revisions\/969"}],"up":[{"embeddable":true,"href":"https:\/\/bilzerpackaging.com\/tr\/wp-json\/wp\/v2\/pages\/92"}],"wp:featuredmedia":[{"embeddable":true,"href":"https:\/\/bilzerpackaging.com\/tr\/wp-json\/wp\/v2\/media\/630"}],"wp:attachment":[{"href":"https:\/\/bilzerpackaging.com\/tr\/wp-json\/wp\/v2\/media?parent=102"}],"curies":[{"name":"wp","href":"https:\/\/api.w.org\/{rel}","templated":true}]}}