{"id":31,"date":"2014-03-18T11:31:06","date_gmt":"2014-03-18T11:31:06","guid":{"rendered":"http:\/\/demo.themegrill.com\/spacious\/?page_id=31"},"modified":"2022-10-19T11:57:57","modified_gmt":"2022-10-19T08:57:57","slug":"contact-us","status":"publish","type":"page","link":"https:\/\/bilzerpackaging.com\/tr\/contact-us\/","title":{"rendered":"\u0130LET\u0130\u015e\u0130M"},"content":{"rendered":"<p class=\"has-vivid-green-cyan-color has-text-color\">BILZER PACKAGING LOJ\u0130ST\u0130K T\u0130CARET ANON\u0130M \u015e\u0130RKET\u0130<\/p>\n\n\n\n<p>L\u00fctfen t\u00fcm&nbsp;<strong>g\u00f6r\u00fc\u015f, \u00f6neri<\/strong>&nbsp;ve&nbsp;<strong>isteklerinizi<\/strong>&nbsp;bu form arac\u0131l\u0131\u011f\u0131yla bize iletin, sizinle hemen ileti\u015fime ge\u00e7elim.<\/p>\n\n\n<div class=\"everest-forms\"><div class=\"evf-container default\" id=\"evf-349\"><form id=\"evf-form-349\" class=\"everest-form\" data-formid=\"349\" data-ajax_submission=\"0\" data-keyboard_friendly_form=\"0\" method=\"post\" enctype=\"multipart\/form-data\" action=\"\/tr\/wp-json\/wp\/v2\/pages\/31\" data-trp-original-action=\"\/tr\/wp-json\/wp\/v2\/pages\/31\"><div class=\"evf-field-container\"><input type=\"hidden\" id=\"_wpnonce349\" name=\"_wpnonce349\" value=\"c9442a7661\" \/><input type=\"hidden\" name=\"_wp_http_referer\" value=\"\/tr\/wp-json\/wp\/v2\/pages\/31\" \/><div class=\"evf-frontend-row\" data-row=\"row_1\" conditional_rules=\"[]\"><div class=\"evf-frontend-grid evf-grid-1\" data-grid=\"grid_1\"><div id=\"evf-349-field_lVizlNhYus-1-container\" class=\"evf-field evf-field-text form-row validate-required\" data-required-field-message=\"This field is required. (Bu alan gereklidir.)\" data-field-id=\"lVizlNhYus-1\"><label class=\"evf-field-label\" for=\"evf-349-field_lVizlNhYus-1\"><span class=\"evf-label\">\u0130sim Soyisim<\/span> <abbr class=\"required\" title=\"Required\">*<\/abbr><\/label><input type=\"text\" id=\"evf-349-field_lVizlNhYus-1\" class=\"input-text\" name=\"everest_forms[form_fields][lVizlNhYus-1]\" required><\/div><div id=\"evf-349-field_XYnMdkQDKM-3-container\" class=\"evf-field evf-field-email form-row validate-required validate-email\" data-required-field-message=\"Please enter a valid email address. (L\u00fctfen ge\u00e7erli bir e-posta adresi girin.)\" data-field-id=\"XYnMdkQDKM-3\"><label class=\"evf-field-label\" for=\"evf-349-field_XYnMdkQDKM-3\"><span class=\"evf-label\">Email<\/span> <abbr class=\"required\" title=\"Required\">*<\/abbr><\/label><input type=\"email\" id=\"evf-349-field_XYnMdkQDKM-3\" class=\"input-text\" name=\"everest_forms[form_fields][XYnMdkQDKM-3]\" required><\/div><div id=\"evf-349-field_xJivsqAS2c-2-container\" class=\"evf-field evf-field-text form-row validate-required\" data-required-field-message=\"This field is required. (Bu alan gereklidir.)\" data-field-id=\"xJivsqAS2c-2\"><label class=\"evf-field-label\" for=\"evf-349-field_xJivsqAS2c-2\"><span class=\"evf-label\">Konu<\/span> <abbr class=\"required\" title=\"Required\">*<\/abbr><\/label><input type=\"text\" id=\"evf-349-field_xJivsqAS2c-2\" class=\"input-text\" name=\"everest_forms[form_fields][xJivsqAS2c-2]\" required><\/div><div id=\"evf-349-field_YalaPcQ0DO-4-container\" class=\"evf-field evf-field-textarea form-row\" data-field-id=\"YalaPcQ0DO-4\"><label class=\"evf-field-label\" for=\"evf-349-field_YalaPcQ0DO-4\"><span class=\"evf-label\">Mesaj\u0131n\u0131z<\/span> <\/label><textarea id=\"evf-349-field_YalaPcQ0DO-4\" class=\"input-text\" name=\"everest_forms[form_fields][YalaPcQ0DO-4]\"  ><\/textarea><\/div><\/div><\/div><\/div><div class=\"evf-submit-container\" ><input type=\"hidden\" name=\"everest_forms[id]\" value=\"349\"><input type=\"hidden\" name=\"everest_forms[author]\" value=\"1\"><button type='submit' name='everest_forms[submit]' class='everest-forms-submit-button button evf-submit' id='evf-submit-349' value='evf-submit' data-process-text=\"Sending\u2026\" conditional_rules='&quot;&quot;' conditional_id='evf-submit-349'  aria-live=\"assertive\">G\u00f6nder<\/button><\/div><input type=\"hidden\" name=\"trp-form-language\" value=\"tr\"\/><\/form><\/div><!-- .evf-container --><\/div>","protected":false},"excerpt":{"rendered":"<ul>\n<li>Ata\u015fehir | Istanbul | Turkey<\/li>\n<\/li>\n<li>Email: info@bilzerpackaging.com<\/li>","protected":false},"author":1,"featured_media":0,"parent":0,"menu_order":0,"comment_status":"closed","ping_status":"open","template":"page-templates\/contact.php","meta":{"footnotes":""},"class_list":["post-31","page","type-page","status-publish","hentry"],"_links":{"self":[{"href":"https:\/\/bilzerpackaging.com\/tr\/wp-json\/wp\/v2\/pages\/31","targetHints":{"allow":["GET"]}}],"collection":[{"href":"https:\/\/bilzerpackaging.com\/tr\/wp-json\/wp\/v2\/pages"}],"about":[{"href":"https:\/\/bilzerpackaging.com\/tr\/wp-json\/wp\/v2\/types\/page"}],"author":[{"embeddable":true,"href":"https:\/\/bilzerpackaging.com\/tr\/wp-json\/wp\/v2\/users\/1"}],"replies":[{"embeddable":true,"href":"https:\/\/bilzerpackaging.com\/tr\/wp-json\/wp\/v2\/comments?post=31"}],"version-history":[{"count":15,"href":"https:\/\/bilzerpackaging.com\/tr\/wp-json\/wp\/v2\/pages\/31\/revisions"}],"predecessor-version":[{"id":1038,"href":"https:\/\/bilzerpackaging.com\/tr\/wp-json\/wp\/v2\/pages\/31\/revisions\/1038"}],"wp:attachment":[{"href":"https:\/\/bilzerpackaging.com\/tr\/wp-json\/wp\/v2\/media?parent=31"}],"curies":[{"name":"wp","href":"https:\/\/api.w.org\/{rel}","templated":true}]}}