{"id":44,"date":"2014-03-18T11:51:45","date_gmt":"2014-03-18T11:51:45","guid":{"rendered":"http:\/\/demo.themegrill.com\/spacious\/?page_id=44"},"modified":"2021-11-05T16:25:57","modified_gmt":"2021-11-05T13:25:57","slug":"policy-csr","status":"publish","type":"page","link":"https:\/\/bilzerpackaging.com\/tr\/policy-csr\/","title":{"rendered":"Policy &#8211; CSR"},"content":{"rendered":"<p>Bilzer, d\u00fcnya \u00e7ap\u0131ndaki kaynaklardan \u00e7e\u015fitli ambalaj malzemeleri, hammaddeler ve yedek par\u00e7alar tedarik eden k\u00fcresel bir tedarik\u00e7idir.<\/p>\n\n\n\n<p>M\u00fc\u015fterilerimize geni\u015f bir \u00fcr\u00fcn yelpazesi ile hizmet vermek i\u00e7in tedarik\u00e7i veri taban\u0131m\u0131z\u0131 geni\u015fletmeyi ve daha k\u0131sa teslim s\u00fcreleri ve daha d\u00fc\u015f\u00fck maliyet ile yan\u0131t vermeyi hedefliyoruz. \u0130\u015f eti\u011fi standartlar\u0131na sahip yeni tedarik\u00e7ileri belirlemeye ve onlarla \u00e7al\u0131\u015fmaya kararl\u0131y\u0131z.<\/p>\n\n\n\n<p><br>\u00c7evre \u00fczerindeki etkimizin sorumluluklar\u0131n\u0131n son derece fark\u0131nday\u0131z. \u00c7evre dostu ambalajlamaya ve s\u00fcrd\u00fcr\u00fclebilir kalk\u0131nmaya odaklan\u0131yoruz. Herkes i\u00e7in ye\u015fil ya\u015fam yaratma amac\u0131n\u0131 ger\u00e7ekle\u015ftirmek i\u00e7in d\u00fcnya \u00e7ap\u0131ndaki m\u00fc\u015fterilerimize \u00e7evre dostu ambalaj alan\u0131nda en iyi \u00e7\u00f6z\u00fcmleri sunuyoruz.<\/p>","protected":false},"excerpt":{"rendered":"<p>Bilzer Packaging, d\u00fcnya \u00e7ap\u0131ndaki kaynaklardan \u00e7e\u015fitli ambalaj malzemeleri tedarik eden k\u00fcresel bir tedarik\u00e7idir.\nM\u00fc\u015fterilerimize geni\u015f bir \u00fcr\u00fcn yelpazesi ile hizmet vermek i\u00e7in tedarik\u00e7i veri taban\u0131m\u0131z\u0131 geni\u015fletmeyi ve daha k\u0131sa teslim s\u00fcreleri ve daha d\u00fc\u015f\u00fck maliyet ile yan\u0131t vermeyi hedefliyoruz.<\/p>","protected":false},"author":1,"featured_media":0,"parent":0,"menu_order":0,"comment_status":"closed","ping_status":"open","template":"","meta":{"footnotes":""},"class_list":["post-44","page","type-page","status-publish","hentry"],"_links":{"self":[{"href":"https:\/\/bilzerpackaging.com\/tr\/wp-json\/wp\/v2\/pages\/44","targetHints":{"allow":["GET"]}}],"collection":[{"href":"https:\/\/bilzerpackaging.com\/tr\/wp-json\/wp\/v2\/pages"}],"about":[{"href":"https:\/\/bilzerpackaging.com\/tr\/wp-json\/wp\/v2\/types\/page"}],"author":[{"embeddable":true,"href":"https:\/\/bilzerpackaging.com\/tr\/wp-json\/wp\/v2\/users\/1"}],"replies":[{"embeddable":true,"href":"https:\/\/bilzerpackaging.com\/tr\/wp-json\/wp\/v2\/comments?post=44"}],"version-history":[{"count":3,"href":"https:\/\/bilzerpackaging.com\/tr\/wp-json\/wp\/v2\/pages\/44\/revisions"}],"predecessor-version":[{"id":943,"href":"https:\/\/bilzerpackaging.com\/tr\/wp-json\/wp\/v2\/pages\/44\/revisions\/943"}],"wp:attachment":[{"href":"https:\/\/bilzerpackaging.com\/tr\/wp-json\/wp\/v2\/media?parent=44"}],"curies":[{"name":"wp","href":"https:\/\/api.w.org\/{rel}","templated":true}]}}