{"id":582,"date":"2021-09-24T10:39:52","date_gmt":"2021-09-24T07:39:52","guid":{"rendered":"http:\/\/bilzerpackaging.com\/?page_id=582"},"modified":"2022-02-22T16:19:24","modified_gmt":"2022-02-22T13:19:24","slug":"about-us","status":"publish","type":"page","link":"https:\/\/bilzerpackaging.com\/tr\/about-us\/","title":{"rendered":"HAKKIMIZDA"},"content":{"rendered":"<div class=\"wp-block-columns alignfull is-layout-flex wp-container-core-columns-is-layout-9d6595d7 wp-block-columns-is-layout-flex\">\n<div class=\"wp-block-column is-layout-flow wp-block-column-is-layout-flow\"><\/div>\n\n\n\n<div class=\"wp-block-column is-layout-flow wp-block-column-is-layout-flow\"><\/div>\n<\/div>\n\n\n\n<div class=\"wp-block-image is-style-rounded\"><figure class=\"alignright size-large is-resized\"><img loading=\"lazy\" decoding=\"async\" src=\"http:\/\/bilzerpackaging.com\/wp-content\/uploads\/2021\/09\/businessman-with-digital-world-his-hand-edited-1024x640.jpg\" alt=\"\" class=\"wp-image-625\" width=\"530\" height=\"332\"\/><\/figure><\/div>\n\n\n\n<p>S\u00fcrd\u00fcr\u00fclebilir \u00e7evreye sayg\u0131l\u0131, <strong>geri d\u00f6n\u00fc\u015ft\u00fcr\u00fclebilir<\/strong> \u00fcr\u00fcnlerle do\u011faya katk\u0131 sa\u011flayan tedarik\u00e7i portf\u00f6yleri olu\u015fturmak <strong>ana hedefimizdir<\/strong>. Ambalaj tedarik i\u015flemlerinizi kolayla\u015ft\u0131rmak i\u00e7in biz haz\u0131r\u0131z.<\/p>\n\n\n\n<p>Hammadde, yedek par\u00e7a, ambalaj malzemeleri tedari\u011finde uzun y\u0131llara dayanan deneyime sahip bir ekibiz. Tedarik s\u00fcrecinde nelere ihtiyac\u0131n\u0131z oldu\u011funu \u00e7ok iyi biliyoruz. Odaklan\u0131lan malzemelere g\u00f6re tedarik\u00e7i portf\u00f6y\u00fcn\u00fc kurgulayarak size <strong>daha iyi fiyat, \u00e7\u00f6z\u00fcm odakl\u0131 g\u00fc\u00e7l\u00fc bir ileti\u015fim ve g\u00fcvenilir i\u015f ortak\u0131\u011f\u0131<\/strong>\u00a0sa\u011flamaktay\u0131z\u00a0<strong>.<\/strong><\/p>","protected":false},"excerpt":{"rendered":"<p>S\u00fcrd\u00fcr\u00fclebilir \u00e7evreye sayg\u0131l\u0131, geri d\u00f6n\u00fc\u015ft\u00fcr\u00fclebilir \u00fcr\u00fcnlerle do\u011faya katk\u0131 sa\u011flayan tedarik\u00e7i portf\u00f6yleri olu\u015fturmak ana hedefimizdir. Firman\u0131z\u0131n ihtiya\u00e7 duydu\u011fu hammadde, yedek par\u00e7a ve ambalajlar\u0131n di\u011fer \u00fclkelerden teminini kolayla\u015ft\u0131rmak istiyorsan\u0131z biz haz\u0131r\u0131z!<\/p>","protected":false},"author":1,"featured_media":0,"parent":0,"menu_order":0,"comment_status":"closed","ping_status":"closed","template":"","meta":{"footnotes":""},"class_list":["post-582","page","type-page","status-publish","hentry"],"_links":{"self":[{"href":"https:\/\/bilzerpackaging.com\/tr\/wp-json\/wp\/v2\/pages\/582","targetHints":{"allow":["GET"]}}],"collection":[{"href":"https:\/\/bilzerpackaging.com\/tr\/wp-json\/wp\/v2\/pages"}],"about":[{"href":"https:\/\/bilzerpackaging.com\/tr\/wp-json\/wp\/v2\/types\/page"}],"author":[{"embeddable":true,"href":"https:\/\/bilzerpackaging.com\/tr\/wp-json\/wp\/v2\/users\/1"}],"replies":[{"embeddable":true,"href":"https:\/\/bilzerpackaging.com\/tr\/wp-json\/wp\/v2\/comments?post=582"}],"version-history":[{"count":8,"href":"https:\/\/bilzerpackaging.com\/tr\/wp-json\/wp\/v2\/pages\/582\/revisions"}],"predecessor-version":[{"id":1022,"href":"https:\/\/bilzerpackaging.com\/tr\/wp-json\/wp\/v2\/pages\/582\/revisions\/1022"}],"wp:attachment":[{"href":"https:\/\/bilzerpackaging.com\/tr\/wp-json\/wp\/v2\/media?parent=582"}],"curies":[{"name":"wp","href":"https:\/\/api.w.org\/{rel}","templated":true}]}}