{"id":605,"date":"2021-09-24T13:18:14","date_gmt":"2021-09-24T10:18:14","guid":{"rendered":"http:\/\/bilzerpackaging.com\/?page_id=605"},"modified":"2021-11-05T17:09:45","modified_gmt":"2021-11-05T14:09:45","slug":"paper-products","status":"publish","type":"page","link":"https:\/\/bilzerpackaging.com\/tr\/products\/paper-products\/","title":{"rendered":"Ka\u011f\u0131t \u00dcr\u00fcnler"},"content":{"rendered":"<figure class=\"wp-block-gallery columns-3 is-cropped wp-block-gallery-1 is-layout-flex wp-block-gallery-is-layout-flex\"><ul class=\"blocks-gallery-grid\"><li class=\"blocks-gallery-item\"><figure><img loading=\"lazy\" decoding=\"async\" width=\"1024\" height=\"776\" src=\"http:\/\/bilzerpackaging.com\/wp-content\/uploads\/2021\/09\/cofee-bag-paper-packaging-1024x776.jpg\" alt=\"\" data-id=\"743\" data-link=\"http:\/\/bilzerpackaging.com\/products\/paper-products\/cofee-bag-paper-packaging\/\" class=\"wp-image-743\" srcset=\"https:\/\/bilzerpackaging.com\/wp-content\/uploads\/2021\/09\/cofee-bag-paper-packaging-1024x776.jpg 1024w, https:\/\/bilzerpackaging.com\/wp-content\/uploads\/2021\/09\/cofee-bag-paper-packaging-300x227.jpg 300w, https:\/\/bilzerpackaging.com\/wp-content\/uploads\/2021\/09\/cofee-bag-paper-packaging-768x582.jpg 768w, https:\/\/bilzerpackaging.com\/wp-content\/uploads\/2021\/09\/cofee-bag-paper-packaging-1536x1164.jpg 1536w, https:\/\/bilzerpackaging.com\/wp-content\/uploads\/2021\/09\/cofee-bag-paper-packaging-2048x1552.jpg 2048w, https:\/\/bilzerpackaging.com\/wp-content\/uploads\/2021\/09\/cofee-bag-paper-packaging-600x455.jpg 600w\" sizes=\"auto, (max-width: 1024px) 100vw, 1024px\" \/><\/figure><\/li><li class=\"blocks-gallery-item\"><figure><img loading=\"lazy\" decoding=\"async\" width=\"1024\" height=\"683\" src=\"http:\/\/bilzerpackaging.com\/wp-content\/uploads\/2021\/09\/paper-bag-and-carton-cup-paper-products-cartonboard-products-1024x683.jpg\" alt=\"\" data-id=\"744\" data-link=\"http:\/\/bilzerpackaging.com\/products\/paper-products\/paper-bag-and-carton-cup-paper-products-cartonboard-products\/\" class=\"wp-image-744\" srcset=\"https:\/\/bilzerpackaging.com\/wp-content\/uploads\/2021\/09\/paper-bag-and-carton-cup-paper-products-cartonboard-products-1024x683.jpg 1024w, https:\/\/bilzerpackaging.com\/wp-content\/uploads\/2021\/09\/paper-bag-and-carton-cup-paper-products-cartonboard-products-300x200.jpg 300w, https:\/\/bilzerpackaging.com\/wp-content\/uploads\/2021\/09\/paper-bag-and-carton-cup-paper-products-cartonboard-products-768x512.jpg 768w, https:\/\/bilzerpackaging.com\/wp-content\/uploads\/2021\/09\/paper-bag-and-carton-cup-paper-products-cartonboard-products-1536x1024.jpg 1536w, https:\/\/bilzerpackaging.com\/wp-content\/uploads\/2021\/09\/paper-bag-and-carton-cup-paper-products-cartonboard-products-2048x1366.jpg 2048w, https:\/\/bilzerpackaging.com\/wp-content\/uploads\/2021\/09\/paper-bag-and-carton-cup-paper-products-cartonboard-products-600x400.jpg 600w\" sizes=\"auto, (max-width: 1024px) 100vw, 1024px\" \/><\/figure><\/li><li class=\"blocks-gallery-item\"><figure><img loading=\"lazy\" decoding=\"async\" width=\"300\" height=\"300\" src=\"http:\/\/bilzerpackaging.com\/wp-content\/uploads\/2021\/11\/Food-Grade-Paper-Straw-Drinking-Straws-Biodegradable-Kraft-Paper-Straw-300x300.jpg\" alt=\"\" data-id=\"976\" data-link=\"http:\/\/bilzerpackaging.com\/products\/paper-products\/food-grade-paper-straw-drinking-straws-biodegradable-kraft-paper-straw\/\" class=\"wp-image-976\" srcset=\"https:\/\/bilzerpackaging.com\/wp-content\/uploads\/2021\/11\/Food-Grade-Paper-Straw-Drinking-Straws-Biodegradable-Kraft-Paper-Straw-300x300.jpg 300w, https:\/\/bilzerpackaging.com\/wp-content\/uploads\/2021\/11\/Food-Grade-Paper-Straw-Drinking-Straws-Biodegradable-Kraft-Paper-Straw-150x150.jpg 150w, https:\/\/bilzerpackaging.com\/wp-content\/uploads\/2021\/11\/Food-Grade-Paper-Straw-Drinking-Straws-Biodegradable-Kraft-Paper-Straw-270x270.jpg 270w, https:\/\/bilzerpackaging.com\/wp-content\/uploads\/2021\/11\/Food-Grade-Paper-Straw-Drinking-Straws-Biodegradable-Kraft-Paper-Straw-230x230.jpg 230w, https:\/\/bilzerpackaging.com\/wp-content\/uploads\/2021\/11\/Food-Grade-Paper-Straw-Drinking-Straws-Biodegradable-Kraft-Paper-Straw-45x45.jpg 45w, https:\/\/bilzerpackaging.com\/wp-content\/uploads\/2021\/11\/Food-Grade-Paper-Straw-Drinking-Straws-Biodegradable-Kraft-Paper-Straw-100x100.jpg 100w, https:\/\/bilzerpackaging.com\/wp-content\/uploads\/2021\/11\/Food-Grade-Paper-Straw-Drinking-Straws-Biodegradable-Kraft-Paper-Straw.jpg 522w\" sizes=\"auto, (max-width: 300px) 100vw, 300px\" \/><\/figure><\/li><li class=\"blocks-gallery-item\"><figure><img loading=\"lazy\" decoding=\"async\" width=\"1024\" height=\"683\" src=\"http:\/\/bilzerpackaging.com\/wp-content\/uploads\/2021\/11\/beyaz-kraft-natural-kraft-canta-1024x683.jpg\" alt=\"\" data-id=\"977\" data-link=\"http:\/\/bilzerpackaging.com\/products\/paper-products\/beyaz-kraft-natural-kraft-canta\/\" class=\"wp-image-977\" srcset=\"https:\/\/bilzerpackaging.com\/wp-content\/uploads\/2021\/11\/beyaz-kraft-natural-kraft-canta-1024x683.jpg 1024w, https:\/\/bilzerpackaging.com\/wp-content\/uploads\/2021\/11\/beyaz-kraft-natural-kraft-canta-300x200.jpg 300w, https:\/\/bilzerpackaging.com\/wp-content\/uploads\/2021\/11\/beyaz-kraft-natural-kraft-canta-768x512.jpg 768w, https:\/\/bilzerpackaging.com\/wp-content\/uploads\/2021\/11\/beyaz-kraft-natural-kraft-canta-600x400.jpg 600w, https:\/\/bilzerpackaging.com\/wp-content\/uploads\/2021\/11\/beyaz-kraft-natural-kraft-canta.jpg 1200w\" sizes=\"auto, (max-width: 1024px) 100vw, 1024px\" \/><\/figure><\/li><li class=\"blocks-gallery-item\"><figure><img loading=\"lazy\" decoding=\"async\" width=\"1024\" height=\"683\" src=\"http:\/\/bilzerpackaging.com\/wp-content\/uploads\/2021\/11\/paper-bags-20201116-By-Fuss-Sergey-shutterstock_1478750033-web-1024x683-1.jpg\" alt=\"\" data-id=\"984\" data-full-url=\"http:\/\/bilzerpackaging.com\/wp-content\/uploads\/2021\/11\/paper-bags-20201116-By-Fuss-Sergey-shutterstock_1478750033-web-1024x683-1.jpg\" data-link=\"http:\/\/bilzerpackaging.com\/products\/paper-products\/paper-bags-20201116-by-fuss-sergey-shutterstock_1478750033-web-1024x683-1\/\" class=\"wp-image-984\" srcset=\"https:\/\/bilzerpackaging.com\/wp-content\/uploads\/2021\/11\/paper-bags-20201116-By-Fuss-Sergey-shutterstock_1478750033-web-1024x683-1.jpg 1024w, https:\/\/bilzerpackaging.com\/wp-content\/uploads\/2021\/11\/paper-bags-20201116-By-Fuss-Sergey-shutterstock_1478750033-web-1024x683-1-300x200.jpg 300w, https:\/\/bilzerpackaging.com\/wp-content\/uploads\/2021\/11\/paper-bags-20201116-By-Fuss-Sergey-shutterstock_1478750033-web-1024x683-1-768x512.jpg 768w, https:\/\/bilzerpackaging.com\/wp-content\/uploads\/2021\/11\/paper-bags-20201116-By-Fuss-Sergey-shutterstock_1478750033-web-1024x683-1-600x400.jpg 600w\" sizes=\"auto, (max-width: 1024px) 100vw, 1024px\" \/><\/figure><\/li><\/ul><\/figure>\n\n\n\n<p><\/p>","protected":false},"excerpt":{"rendered":"","protected":false},"author":1,"featured_media":820,"parent":92,"menu_order":0,"comment_status":"closed","ping_status":"closed","template":"","meta":{"footnotes":""},"class_list":["post-605","page","type-page","status-publish","has-post-thumbnail","hentry"],"_links":{"self":[{"href":"https:\/\/bilzerpackaging.com\/tr\/wp-json\/wp\/v2\/pages\/605","targetHints":{"allow":["GET"]}}],"collection":[{"href":"https:\/\/bilzerpackaging.com\/tr\/wp-json\/wp\/v2\/pages"}],"about":[{"href":"https:\/\/bilzerpackaging.com\/tr\/wp-json\/wp\/v2\/types\/page"}],"author":[{"embeddable":true,"href":"https:\/\/bilzerpackaging.com\/tr\/wp-json\/wp\/v2\/users\/1"}],"replies":[{"embeddable":true,"href":"https:\/\/bilzerpackaging.com\/tr\/wp-json\/wp\/v2\/comments?post=605"}],"version-history":[{"count":4,"href":"https:\/\/bilzerpackaging.com\/tr\/wp-json\/wp\/v2\/pages\/605\/revisions"}],"predecessor-version":[{"id":985,"href":"https:\/\/bilzerpackaging.com\/tr\/wp-json\/wp\/v2\/pages\/605\/revisions\/985"}],"up":[{"embeddable":true,"href":"https:\/\/bilzerpackaging.com\/tr\/wp-json\/wp\/v2\/pages\/92"}],"wp:featuredmedia":[{"embeddable":true,"href":"https:\/\/bilzerpackaging.com\/tr\/wp-json\/wp\/v2\/media\/820"}],"wp:attachment":[{"href":"https:\/\/bilzerpackaging.com\/tr\/wp-json\/wp\/v2\/media?parent=605"}],"curies":[{"name":"wp","href":"https:\/\/api.w.org\/{rel}","templated":true}]}}