{"id":715,"date":"2021-09-28T13:35:00","date_gmt":"2021-09-28T10:35:00","guid":{"rendered":"http:\/\/bilzerpackaging.com\/?page_id=715"},"modified":"2021-11-05T16:32:05","modified_gmt":"2021-11-05T13:32:05","slug":"green-future","status":"publish","type":"page","link":"https:\/\/bilzerpackaging.com\/tr\/green-future\/","title":{"rendered":"Ye\u015fil Bir Gelecek"},"content":{"rendered":"<div class=\"wp-block-columns is-layout-flex wp-container-core-columns-is-layout-9d6595d7 wp-block-columns-is-layout-flex\">\n<div class=\"wp-block-column is-layout-flow wp-block-column-is-layout-flow\" style=\"flex-basis:50%\">\n<div class=\"wp-block-image\"><figure class=\"aligncenter size-full\"><img loading=\"lazy\" decoding=\"async\" width=\"201\" height=\"201\" src=\"http:\/\/bilzerpackaging.com\/wp-content\/uploads\/2021\/09\/Artboard-1-copia-kopya-5.png\" alt=\"\" class=\"wp-image-716\" srcset=\"https:\/\/bilzerpackaging.com\/wp-content\/uploads\/2021\/09\/Artboard-1-copia-kopya-5.png 201w, https:\/\/bilzerpackaging.com\/wp-content\/uploads\/2021\/09\/Artboard-1-copia-kopya-5-150x150.png 150w, https:\/\/bilzerpackaging.com\/wp-content\/uploads\/2021\/09\/Artboard-1-copia-kopya-5-45x45.png 45w, https:\/\/bilzerpackaging.com\/wp-content\/uploads\/2021\/09\/Artboard-1-copia-kopya-5-100x100.png 100w\" sizes=\"auto, (max-width: 201px) 100vw, 201px\" \/><\/figure><\/div>\n<\/div>\n\n\n\n<div class=\"wp-block-column is-layout-flow wp-block-column-is-layout-flow\" style=\"flex-basis:1400px\">\n<div class=\"wp-block-columns is-layout-flex wp-container-core-columns-is-layout-9d6595d7 wp-block-columns-is-layout-flex\">\n<div class=\"wp-block-column is-layout-flow wp-block-column-is-layout-flow\"><\/div>\n<\/div>\n\n\n\n<p><\/p>\n\n\n\n<p> Bilzer Packaging olarak biz de gelecek nesillere b\u0131rak\u0131lacak temiz ve s\u00fcrd\u00fcr\u00fclebilir bir \u00e7evre i\u00e7in \u00e7al\u0131\u015f\u0131yoruz. Bu kapsamda sadece do\u011fa koruma zincirinin bir par\u00e7as\u0131 olan FSC sertifikal\u0131 ortaklar\u0131m\u0131zla \u00e7al\u0131\u015f\u0131yoruz. <\/p>\n<\/div>\n<\/div>\n\n\n\n<p><\/p>","protected":false},"excerpt":{"rendered":"<p>Bilzer Packaging olarak biz de gelecek nesillere b\u0131rak\u0131lacak temiz ve s\u00fcrd\u00fcr\u00fclebilir bir \u00e7evre i\u00e7in \u00e7al\u0131\u015f\u0131yoruz. Bu kapsamda sadece do\u011fa koruma zincirinin bir par\u00e7as\u0131 olan FSC sertifikal\u0131 ortaklar\u0131m\u0131zla \u00e7al\u0131\u015f\u0131yoruz.<\/p>","protected":false},"author":1,"featured_media":0,"parent":0,"menu_order":0,"comment_status":"closed","ping_status":"closed","template":"","meta":{"footnotes":""},"class_list":["post-715","page","type-page","status-publish","hentry"],"_links":{"self":[{"href":"https:\/\/bilzerpackaging.com\/tr\/wp-json\/wp\/v2\/pages\/715","targetHints":{"allow":["GET"]}}],"collection":[{"href":"https:\/\/bilzerpackaging.com\/tr\/wp-json\/wp\/v2\/pages"}],"about":[{"href":"https:\/\/bilzerpackaging.com\/tr\/wp-json\/wp\/v2\/types\/page"}],"author":[{"embeddable":true,"href":"https:\/\/bilzerpackaging.com\/tr\/wp-json\/wp\/v2\/users\/1"}],"replies":[{"embeddable":true,"href":"https:\/\/bilzerpackaging.com\/tr\/wp-json\/wp\/v2\/comments?post=715"}],"version-history":[{"count":5,"href":"https:\/\/bilzerpackaging.com\/tr\/wp-json\/wp\/v2\/pages\/715\/revisions"}],"predecessor-version":[{"id":946,"href":"https:\/\/bilzerpackaging.com\/tr\/wp-json\/wp\/v2\/pages\/715\/revisions\/946"}],"wp:attachment":[{"href":"https:\/\/bilzerpackaging.com\/tr\/wp-json\/wp\/v2\/media?parent=715"}],"curies":[{"name":"wp","href":"https:\/\/api.w.org\/{rel}","templated":true}]}}