{"id":803,"date":"2021-10-21T10:28:48","date_gmt":"2021-10-21T07:28:48","guid":{"rendered":"http:\/\/bilzerpackaging.com\/?page_id=803"},"modified":"2021-11-05T17:15:45","modified_gmt":"2021-11-05T14:15:45","slug":"distribution-and-management","status":"publish","type":"page","link":"https:\/\/bilzerpackaging.com\/tr\/distribution-and-management\/","title":{"rendered":"Da\u011f\u0131t\u0131m ve Y\u00f6netim"},"content":{"rendered":"<p> Malzemelerinizin A noktas\u0131ndan B noktas\u0131na ta\u015f\u0131nmas\u0131ndan fazlas\u0131n\u0131 sunuyoruz. Sipari\u015flerinizi tercih etti\u011finiz zaman dilimlerinde alman\u0131z\u0131 sa\u011fl\u0131yor ve navlun maliyetlerinin azalmas\u0131yla sonu\u00e7lanan ara\u00e7 alan\u0131 kullan\u0131m\u0131ndaki art\u0131\u015ftan faydalanman\u0131z\u0131 sa\u011fl\u0131yoruz. T\u00fcm s\u00fcreci bekledi\u011finiz gibi y\u00fcr\u00fct\u00fcyoruz. <\/p>","protected":false},"excerpt":{"rendered":"<p>Malzemelerinizin A noktas\u0131ndan B noktas\u0131na ta\u015f\u0131nmas\u0131ndan fazlas\u0131n\u0131 sunuyoruz. <\/p>","protected":false},"author":1,"featured_media":834,"parent":0,"menu_order":0,"comment_status":"closed","ping_status":"closed","template":"","meta":{"footnotes":""},"class_list":["post-803","page","type-page","status-publish","has-post-thumbnail","hentry"],"_links":{"self":[{"href":"https:\/\/bilzerpackaging.com\/tr\/wp-json\/wp\/v2\/pages\/803","targetHints":{"allow":["GET"]}}],"collection":[{"href":"https:\/\/bilzerpackaging.com\/tr\/wp-json\/wp\/v2\/pages"}],"about":[{"href":"https:\/\/bilzerpackaging.com\/tr\/wp-json\/wp\/v2\/types\/page"}],"author":[{"embeddable":true,"href":"https:\/\/bilzerpackaging.com\/tr\/wp-json\/wp\/v2\/users\/1"}],"replies":[{"embeddable":true,"href":"https:\/\/bilzerpackaging.com\/tr\/wp-json\/wp\/v2\/comments?post=803"}],"version-history":[{"count":3,"href":"https:\/\/bilzerpackaging.com\/tr\/wp-json\/wp\/v2\/pages\/803\/revisions"}],"predecessor-version":[{"id":1000,"href":"https:\/\/bilzerpackaging.com\/tr\/wp-json\/wp\/v2\/pages\/803\/revisions\/1000"}],"wp:featuredmedia":[{"embeddable":true,"href":"https:\/\/bilzerpackaging.com\/tr\/wp-json\/wp\/v2\/media\/834"}],"wp:attachment":[{"href":"https:\/\/bilzerpackaging.com\/tr\/wp-json\/wp\/v2\/media?parent=803"}],"curies":[{"name":"wp","href":"https:\/\/api.w.org\/{rel}","templated":true}]}}