{"id":811,"date":"2021-10-21T10:30:06","date_gmt":"2021-10-21T07:30:06","guid":{"rendered":"http:\/\/bilzerpackaging.com\/?page_id=811"},"modified":"2021-11-05T17:13:49","modified_gmt":"2021-11-05T14:13:49","slug":"logistic","status":"publish","type":"page","link":"https:\/\/bilzerpackaging.com\/tr\/logistic\/","title":{"rendered":"Lojistik"},"content":{"rendered":"<p> \u0130htiya\u00e7lar\u0131n\u0131za en uygun teslimat y\u00f6ntemini se\u00e7ebilirsiniz, stoklar\u0131n\u0131z daha h\u0131zl\u0131 d\u00f6ner ve bu nedenle daha az maliyetli olur. Lojistik i\u015flerinizi profesyonel ekiplerimize emanet ederek, teslimatlar\u0131n\u0131z\u0131 geli\u015ftirebilir ve en \u00e7ok \u00f6nem te\u015fkil eden konulara odaklanabilmeniz i\u00e7in zamandan tasarruf edebilirsiniz. <\/p>","protected":false},"excerpt":{"rendered":"<p>\u0130htiya\u00e7lar\u0131n\u0131za en uygun teslimat y\u00f6ntemini se\u00e7ebilirsiniz, stoklar\u0131n\u0131z daha h\u0131zl\u0131 d\u00f6ner ve bu sayede daha az maliyetli olur. <\/p>","protected":false},"author":1,"featured_media":833,"parent":0,"menu_order":0,"comment_status":"closed","ping_status":"closed","template":"","meta":{"footnotes":""},"class_list":["post-811","page","type-page","status-publish","has-post-thumbnail","hentry"],"_links":{"self":[{"href":"https:\/\/bilzerpackaging.com\/tr\/wp-json\/wp\/v2\/pages\/811","targetHints":{"allow":["GET"]}}],"collection":[{"href":"https:\/\/bilzerpackaging.com\/tr\/wp-json\/wp\/v2\/pages"}],"about":[{"href":"https:\/\/bilzerpackaging.com\/tr\/wp-json\/wp\/v2\/types\/page"}],"author":[{"embeddable":true,"href":"https:\/\/bilzerpackaging.com\/tr\/wp-json\/wp\/v2\/users\/1"}],"replies":[{"embeddable":true,"href":"https:\/\/bilzerpackaging.com\/tr\/wp-json\/wp\/v2\/comments?post=811"}],"version-history":[{"count":3,"href":"https:\/\/bilzerpackaging.com\/tr\/wp-json\/wp\/v2\/pages\/811\/revisions"}],"predecessor-version":[{"id":1001,"href":"https:\/\/bilzerpackaging.com\/tr\/wp-json\/wp\/v2\/pages\/811\/revisions\/1001"}],"wp:featuredmedia":[{"embeddable":true,"href":"https:\/\/bilzerpackaging.com\/tr\/wp-json\/wp\/v2\/media\/833"}],"wp:attachment":[{"href":"https:\/\/bilzerpackaging.com\/tr\/wp-json\/wp\/v2\/media?parent=811"}],"curies":[{"name":"wp","href":"https:\/\/api.w.org\/{rel}","templated":true}]}}