{"id":813,"date":"2021-10-21T10:31:26","date_gmt":"2021-10-21T07:31:26","guid":{"rendered":"http:\/\/bilzerpackaging.com\/?page_id=813"},"modified":"2021-11-05T17:13:19","modified_gmt":"2021-11-05T14:13:19","slug":"order-management","status":"publish","type":"page","link":"https:\/\/bilzerpackaging.com\/tr\/order-management\/","title":{"rendered":"Sipari\u015f Y\u00f6netimi"},"content":{"rendered":"<p> Sipari\u015flerinizi almak, takip etmek ve yerine getirmek i\u00e7in en iyi s\u00fcre\u00e7leri sunuyoruz. Sipari\u015f y\u00f6netimi s\u00fcre\u00e7lerimiz, bize neye ihtiyac\u0131n\u0131z oldu\u011funu s\u00f6ylemenizle ba\u015flar, sipari\u015fin verilmesiyle devam eder ve paketleri teslim ald\u0131\u011f\u0131n\u0131zda sona erer. <\/p>","protected":false},"excerpt":{"rendered":"<p>Sipari\u015flerinizi almak, takip etmek ve yerine getirmek i\u00e7in en iyi s\u00fcre\u00e7leri sunuyoruz.<\/p>","protected":false},"author":1,"featured_media":835,"parent":0,"menu_order":0,"comment_status":"closed","ping_status":"closed","template":"","meta":{"footnotes":""},"class_list":["post-813","page","type-page","status-publish","has-post-thumbnail","hentry"],"_links":{"self":[{"href":"https:\/\/bilzerpackaging.com\/tr\/wp-json\/wp\/v2\/pages\/813","targetHints":{"allow":["GET"]}}],"collection":[{"href":"https:\/\/bilzerpackaging.com\/tr\/wp-json\/wp\/v2\/pages"}],"about":[{"href":"https:\/\/bilzerpackaging.com\/tr\/wp-json\/wp\/v2\/types\/page"}],"author":[{"embeddable":true,"href":"https:\/\/bilzerpackaging.com\/tr\/wp-json\/wp\/v2\/users\/1"}],"replies":[{"embeddable":true,"href":"https:\/\/bilzerpackaging.com\/tr\/wp-json\/wp\/v2\/comments?post=813"}],"version-history":[{"count":2,"href":"https:\/\/bilzerpackaging.com\/tr\/wp-json\/wp\/v2\/pages\/813\/revisions"}],"predecessor-version":[{"id":994,"href":"https:\/\/bilzerpackaging.com\/tr\/wp-json\/wp\/v2\/pages\/813\/revisions\/994"}],"wp:featuredmedia":[{"embeddable":true,"href":"https:\/\/bilzerpackaging.com\/tr\/wp-json\/wp\/v2\/media\/835"}],"wp:attachment":[{"href":"https:\/\/bilzerpackaging.com\/tr\/wp-json\/wp\/v2\/media?parent=813"}],"curies":[{"name":"wp","href":"https:\/\/api.w.org\/{rel}","templated":true}]}}