{"id":815,"date":"2021-10-21T10:33:11","date_gmt":"2021-10-21T07:33:11","guid":{"rendered":"http:\/\/bilzerpackaging.com\/?page_id=815"},"modified":"2021-11-05T17:14:35","modified_gmt":"2021-11-05T14:14:35","slug":"sustainable-packaging","status":"publish","type":"page","link":"https:\/\/bilzerpackaging.com\/tr\/sustainable-packaging\/","title":{"rendered":"S\u00fcrd\u00fcr\u00fclebilir Ambalaj"},"content":{"rendered":"<p> \u00dcr\u00fcn\u00fcn\u00fcz\u00fc ilk s\u0131raya koyuyoruz, \u00fcr\u00fcn tasar\u0131m\u0131n\u0131 ve i\u015flevselli\u011fini, malzemesini ve bile\u015fimini daha s\u00fcrd\u00fcr\u00fclebilir bir \u00fcr\u00fcn i\u00e7in yeniden d\u00fc\u015f\u00fcn\u00fcyoruz. Buna ba\u011fl\u0131 olarak, birlikte d\u00fcnyay\u0131 kurtarmak i\u00e7in \u00fcreticilerin \u00fcretim s\u00fcre\u00e7lerini de\u011fi\u015ftiriyor ve \u00fcretiminiz i\u00e7in makine ve ara\u00e7lar\u0131 optimize ediyoruz. Tedarik\u00e7ilerden gelen her t\u00fcrl\u00fc ambalaj, s\u00fcrd\u00fcr\u00fclebilir \u00e7al\u0131\u015fma i\u00e7in hedeflenir. <\/p>","protected":false},"excerpt":{"rendered":"<p>\u00dcr\u00fcn\u00fcn\u00fcz\u00fc ilk s\u0131raya koyuyoruz, \u00fcr\u00fcn tasar\u0131m\u0131n\u0131 ve i\u015flevselli\u011fini, malzemesini ve bile\u015fimini daha s\u00fcrd\u00fcr\u00fclebilir bir \u00fcr\u00fcn i\u00e7in yeniden d\u00fc\u015f\u00fcn\u00fcyoruz.<\/p>","protected":false},"author":1,"featured_media":837,"parent":0,"menu_order":0,"comment_status":"closed","ping_status":"closed","template":"","meta":{"footnotes":""},"class_list":["post-815","page","type-page","status-publish","has-post-thumbnail","hentry"],"_links":{"self":[{"href":"https:\/\/bilzerpackaging.com\/tr\/wp-json\/wp\/v2\/pages\/815","targetHints":{"allow":["GET"]}}],"collection":[{"href":"https:\/\/bilzerpackaging.com\/tr\/wp-json\/wp\/v2\/pages"}],"about":[{"href":"https:\/\/bilzerpackaging.com\/tr\/wp-json\/wp\/v2\/types\/page"}],"author":[{"embeddable":true,"href":"https:\/\/bilzerpackaging.com\/tr\/wp-json\/wp\/v2\/users\/1"}],"replies":[{"embeddable":true,"href":"https:\/\/bilzerpackaging.com\/tr\/wp-json\/wp\/v2\/comments?post=815"}],"version-history":[{"count":2,"href":"https:\/\/bilzerpackaging.com\/tr\/wp-json\/wp\/v2\/pages\/815\/revisions"}],"predecessor-version":[{"id":997,"href":"https:\/\/bilzerpackaging.com\/tr\/wp-json\/wp\/v2\/pages\/815\/revisions\/997"}],"wp:featuredmedia":[{"embeddable":true,"href":"https:\/\/bilzerpackaging.com\/tr\/wp-json\/wp\/v2\/media\/837"}],"wp:attachment":[{"href":"https:\/\/bilzerpackaging.com\/tr\/wp-json\/wp\/v2\/media?parent=815"}],"curies":[{"name":"wp","href":"https:\/\/api.w.org\/{rel}","templated":true}]}}