{"id":817,"date":"2021-10-21T10:34:41","date_gmt":"2021-10-21T07:34:41","guid":{"rendered":"http:\/\/bilzerpackaging.com\/?page_id=817"},"modified":"2021-11-05T17:15:30","modified_gmt":"2021-11-05T14:15:30","slug":"vendor-validation","status":"publish","type":"page","link":"https:\/\/bilzerpackaging.com\/tr\/vendor-validation\/","title":{"rendered":"Sat\u0131c\u0131 Do\u011frulamas\u0131"},"content":{"rendered":"<p> \u0130\u015finizi h\u0131zland\u0131rmak i\u00e7in g\u00fcvenilir bir kurumsal tedarik\u00e7i verisi kayna\u011f\u0131 olu\u015fturuyoruz. Bir tedarik\u00e7inin gerekli malzemeleri zaman\u0131nda ve do\u011fru kalitede tedarik edebilece\u011fini garanti eden bir s\u00fcre\u00e7 sunuyoruz. BRC ve FSC gibi gerekli belgelere sahip yetenekli tedarik\u00e7ilerle \u00e7al\u0131\u015fman\u0131z\u0131 sa\u011flamak \u015firketinize \u00f6nemli \u00f6l\u00e7\u00fcde tasarruf sa\u011flayabilir. <\/p>","protected":false},"excerpt":{"rendered":"<p>\u0130\u015finizi h\u0131zland\u0131rmak i\u00e7in g\u00fcvenilir bir kurumsal tedarik\u00e7i verisi kayna\u011f\u0131 olu\u015fturuyoruz.<\/p>","protected":false},"author":1,"featured_media":836,"parent":0,"menu_order":0,"comment_status":"closed","ping_status":"closed","template":"","meta":{"footnotes":""},"class_list":["post-817","page","type-page","status-publish","has-post-thumbnail","hentry"],"_links":{"self":[{"href":"https:\/\/bilzerpackaging.com\/tr\/wp-json\/wp\/v2\/pages\/817","targetHints":{"allow":["GET"]}}],"collection":[{"href":"https:\/\/bilzerpackaging.com\/tr\/wp-json\/wp\/v2\/pages"}],"about":[{"href":"https:\/\/bilzerpackaging.com\/tr\/wp-json\/wp\/v2\/types\/page"}],"author":[{"embeddable":true,"href":"https:\/\/bilzerpackaging.com\/tr\/wp-json\/wp\/v2\/users\/1"}],"replies":[{"embeddable":true,"href":"https:\/\/bilzerpackaging.com\/tr\/wp-json\/wp\/v2\/comments?post=817"}],"version-history":[{"count":3,"href":"https:\/\/bilzerpackaging.com\/tr\/wp-json\/wp\/v2\/pages\/817\/revisions"}],"predecessor-version":[{"id":999,"href":"https:\/\/bilzerpackaging.com\/tr\/wp-json\/wp\/v2\/pages\/817\/revisions\/999"}],"wp:featuredmedia":[{"embeddable":true,"href":"https:\/\/bilzerpackaging.com\/tr\/wp-json\/wp\/v2\/media\/836"}],"wp:attachment":[{"href":"https:\/\/bilzerpackaging.com\/tr\/wp-json\/wp\/v2\/media?parent=817"}],"curies":[{"name":"wp","href":"https:\/\/api.w.org\/{rel}","templated":true}]}}