{"id":92,"date":"2014-03-21T15:56:53","date_gmt":"2014-03-21T15:56:53","guid":{"rendered":"http:\/\/demo.themegrill.com\/spacious\/?page_id=92"},"modified":"2021-11-05T15:47:12","modified_gmt":"2021-11-05T12:47:12","slug":"products","status":"publish","type":"page","link":"https:\/\/bilzerpackaging.com\/tr\/products\/","title":{"rendered":"\u00dcR\u00dcNLER"},"content":{"rendered":"<div class=\"wp-block-group\"><div class=\"wp-block-group__inner-container is-layout-flow wp-block-group-is-layout-flow\">\n<div class=\"wp-block-buttons is-content-justification-center is-layout-flex wp-block-buttons-is-layout-flex\">\n<div class=\"wp-block-button\"><a class=\"wp-block-button__link has-light-green-cyan-to-vivid-green-cyan-gradient-background has-background\" href=\"https:\/\/bilzerpackaging.com\/tr\/products\/cardboard-products\/\">Karton \u00dcr\u00fcnler<\/a><\/div>\n\n\n\n<div class=\"wp-block-button\"><a class=\"wp-block-button__link has-light-green-cyan-to-vivid-green-cyan-gradient-background has-background\" href=\"https:\/\/bilzerpackaging.com\/tr\/products\/wooden-products\/\">Ah\u015fap \u00dcr\u00fcnler<\/a><\/div>\n\n\n\n<div class=\"wp-block-button\"><a class=\"wp-block-button__link has-light-green-cyan-to-vivid-green-cyan-gradient-background has-background\" href=\"https:\/\/bilzerpackaging.com\/tr\/products\/plastic-products\/\">Plastik \u00dcr\u00fcnler<\/a><\/div>\n\n\n\n<div class=\"wp-block-button\"><a class=\"wp-block-button__link has-light-green-cyan-to-vivid-green-cyan-gradient-background has-background\" href=\"https:\/\/bilzerpackaging.com\/tr\/products\/paper-products\/\">Ka\u011f\u0131t \u00dcr\u00fcnler<\/a><\/div>\n\n\n\n<div class=\"wp-block-button\"><a class=\"wp-block-button__link has-light-green-cyan-to-vivid-green-cyan-gradient-background has-background\" href=\"https:\/\/bilzerpackaging.com\/tr\/products\/metal-products\/\">Metal \u00dcr\u00fcnler<\/a><\/div>\n\n\n\n<div class=\"wp-block-button\"><a class=\"wp-block-button__link has-light-green-cyan-to-vivid-green-cyan-gradient-background has-background\" href=\"https:\/\/bilzerpackaging.com\/tr\/products\/glass-products\/\">Cam \u00dcr\u00fcnler<\/a><\/div>\n<\/div>\n<\/div><\/div>\n\n\n\n<p><\/p>","protected":false},"excerpt":{"rendered":"","protected":false},"author":1,"featured_media":0,"parent":0,"menu_order":0,"comment_status":"closed","ping_status":"open","template":"","meta":{"footnotes":""},"class_list":["post-92","page","type-page","status-publish","hentry"],"_links":{"self":[{"href":"https:\/\/bilzerpackaging.com\/tr\/wp-json\/wp\/v2\/pages\/92","targetHints":{"allow":["GET"]}}],"collection":[{"href":"https:\/\/bilzerpackaging.com\/tr\/wp-json\/wp\/v2\/pages"}],"about":[{"href":"https:\/\/bilzerpackaging.com\/tr\/wp-json\/wp\/v2\/types\/page"}],"author":[{"embeddable":true,"href":"https:\/\/bilzerpackaging.com\/tr\/wp-json\/wp\/v2\/users\/1"}],"replies":[{"embeddable":true,"href":"https:\/\/bilzerpackaging.com\/tr\/wp-json\/wp\/v2\/comments?post=92"}],"version-history":[{"count":5,"href":"https:\/\/bilzerpackaging.com\/tr\/wp-json\/wp\/v2\/pages\/92\/revisions"}],"predecessor-version":[{"id":922,"href":"https:\/\/bilzerpackaging.com\/tr\/wp-json\/wp\/v2\/pages\/92\/revisions\/922"}],"wp:attachment":[{"href":"https:\/\/bilzerpackaging.com\/tr\/wp-json\/wp\/v2\/media?parent=92"}],"curies":[{"name":"wp","href":"https:\/\/api.w.org\/{rel}","templated":true}]}}