{"id":94,"date":"2014-03-21T16:01:07","date_gmt":"2014-03-21T16:01:07","guid":{"rendered":"http:\/\/demo.themegrill.com\/spacious\/?page_id=94"},"modified":"2021-11-05T16:57:55","modified_gmt":"2021-11-05T13:57:55","slug":"cardboard-products","status":"publish","type":"page","link":"https:\/\/bilzerpackaging.com\/tr\/products\/cardboard-products\/","title":{"rendered":"Karton \u00dcr\u00fcnler"},"content":{"rendered":"<figure class=\"wp-block-gallery columns-3 is-cropped wp-block-gallery-1 is-layout-flex wp-block-gallery-is-layout-flex\"><ul class=\"blocks-gallery-grid\"><li class=\"blocks-gallery-item\"><figure><img loading=\"lazy\" decoding=\"async\" width=\"626\" height=\"626\" src=\"http:\/\/bilzerpackaging.com\/wp-content\/uploads\/2021\/09\/WhatsApp-Image-2021-09-08-at-13.03.23-1.jpeg\" alt=\"\" data-id=\"705\" data-full-url=\"http:\/\/bilzerpackaging.com\/wp-content\/uploads\/2021\/09\/WhatsApp-Image-2021-09-08-at-13.03.23-1.jpeg\" data-link=\"http:\/\/bilzerpackaging.com\/products\/cardboard-packaging\/whatsapp-image-2021-09-08-at-13-03-23-1\/\" class=\"wp-image-705\" srcset=\"https:\/\/bilzerpackaging.com\/wp-content\/uploads\/2021\/09\/WhatsApp-Image-2021-09-08-at-13.03.23-1.jpeg 626w, https:\/\/bilzerpackaging.com\/wp-content\/uploads\/2021\/09\/WhatsApp-Image-2021-09-08-at-13.03.23-1-300x300.jpeg 300w, https:\/\/bilzerpackaging.com\/wp-content\/uploads\/2021\/09\/WhatsApp-Image-2021-09-08-at-13.03.23-1-150x150.jpeg 150w, https:\/\/bilzerpackaging.com\/wp-content\/uploads\/2021\/09\/WhatsApp-Image-2021-09-08-at-13.03.23-1-270x270.jpeg 270w, https:\/\/bilzerpackaging.com\/wp-content\/uploads\/2021\/09\/WhatsApp-Image-2021-09-08-at-13.03.23-1-230x230.jpeg 230w, https:\/\/bilzerpackaging.com\/wp-content\/uploads\/2021\/09\/WhatsApp-Image-2021-09-08-at-13.03.23-1-45x45.jpeg 45w, https:\/\/bilzerpackaging.com\/wp-content\/uploads\/2021\/09\/WhatsApp-Image-2021-09-08-at-13.03.23-1-600x600.jpeg 600w, https:\/\/bilzerpackaging.com\/wp-content\/uploads\/2021\/09\/WhatsApp-Image-2021-09-08-at-13.03.23-1-100x100.jpeg 100w\" sizes=\"auto, (max-width: 626px) 100vw, 626px\" \/><figcaption class=\"blocks-gallery-item__caption\"><br>\u0130\u00e7ecek Bardaklar\u0131<\/figcaption><\/figure><\/li><li class=\"blocks-gallery-item\"><figure><img loading=\"lazy\" decoding=\"async\" width=\"626\" height=\"626\" src=\"http:\/\/bilzerpackaging.com\/wp-content\/uploads\/2021\/09\/WhatsApp-Image-2021-09-08-at-13.03.21.jpeg\" alt=\"\" data-id=\"699\" data-full-url=\"http:\/\/bilzerpackaging.com\/wp-content\/uploads\/2021\/09\/WhatsApp-Image-2021-09-08-at-13.03.21.jpeg\" data-link=\"http:\/\/bilzerpackaging.com\/products\/cardboard-packaging\/whatsapp-image-2021-09-08-at-13-03-21\/\" class=\"wp-image-699\" srcset=\"https:\/\/bilzerpackaging.com\/wp-content\/uploads\/2021\/09\/WhatsApp-Image-2021-09-08-at-13.03.21.jpeg 626w, https:\/\/bilzerpackaging.com\/wp-content\/uploads\/2021\/09\/WhatsApp-Image-2021-09-08-at-13.03.21-300x300.jpeg 300w, https:\/\/bilzerpackaging.com\/wp-content\/uploads\/2021\/09\/WhatsApp-Image-2021-09-08-at-13.03.21-150x150.jpeg 150w, https:\/\/bilzerpackaging.com\/wp-content\/uploads\/2021\/09\/WhatsApp-Image-2021-09-08-at-13.03.21-270x270.jpeg 270w, https:\/\/bilzerpackaging.com\/wp-content\/uploads\/2021\/09\/WhatsApp-Image-2021-09-08-at-13.03.21-230x230.jpeg 230w, https:\/\/bilzerpackaging.com\/wp-content\/uploads\/2021\/09\/WhatsApp-Image-2021-09-08-at-13.03.21-45x45.jpeg 45w, https:\/\/bilzerpackaging.com\/wp-content\/uploads\/2021\/09\/WhatsApp-Image-2021-09-08-at-13.03.21-600x600.jpeg 600w, https:\/\/bilzerpackaging.com\/wp-content\/uploads\/2021\/09\/WhatsApp-Image-2021-09-08-at-13.03.21-100x100.jpeg 100w\" sizes=\"auto, (max-width: 626px) 100vw, 626px\" \/><figcaption class=\"blocks-gallery-item__caption\"><br>Kovalar<\/figcaption><\/figure><\/li><li class=\"blocks-gallery-item\"><figure><img loading=\"lazy\" decoding=\"async\" width=\"1024\" height=\"768\" src=\"http:\/\/bilzerpackaging.com\/wp-content\/uploads\/2021\/09\/21_May_10-2-1024x768.jpg\" alt=\"\" data-id=\"706\" data-full-url=\"http:\/\/bilzerpackaging.com\/wp-content\/uploads\/2021\/09\/21_May_10-2-scaled.jpg\" data-link=\"http:\/\/bilzerpackaging.com\/products\/cardboard-packaging\/ice-cream-jar-packaging-mockup-3\/\" class=\"wp-image-706\" srcset=\"https:\/\/bilzerpackaging.com\/wp-content\/uploads\/2021\/09\/21_May_10-2-1024x768.jpg 1024w, https:\/\/bilzerpackaging.com\/wp-content\/uploads\/2021\/09\/21_May_10-2-300x225.jpg 300w, https:\/\/bilzerpackaging.com\/wp-content\/uploads\/2021\/09\/21_May_10-2-768x576.jpg 768w, https:\/\/bilzerpackaging.com\/wp-content\/uploads\/2021\/09\/21_May_10-2-1536x1152.jpg 1536w, https:\/\/bilzerpackaging.com\/wp-content\/uploads\/2021\/09\/21_May_10-2-2048x1536.jpg 2048w, https:\/\/bilzerpackaging.com\/wp-content\/uploads\/2021\/09\/21_May_10-2-600x450.jpg 600w\" sizes=\"auto, (max-width: 1024px) 100vw, 1024px\" \/><figcaption class=\"blocks-gallery-item__caption\"><br>Dondurma Kaplar\u0131<\/figcaption><\/figure><\/li><li class=\"blocks-gallery-item\"><figure><img loading=\"lazy\" decoding=\"async\" width=\"626\" height=\"500\" src=\"http:\/\/bilzerpackaging.com\/wp-content\/uploads\/2021\/09\/WhatsApp-Image-2021-09-08-at-13.03.18.jpeg\" alt=\"\" data-id=\"698\" data-full-url=\"http:\/\/bilzerpackaging.com\/wp-content\/uploads\/2021\/09\/WhatsApp-Image-2021-09-08-at-13.03.18.jpeg\" data-link=\"http:\/\/bilzerpackaging.com\/products\/cardboard-packaging\/whatsapp-image-2021-09-08-at-13-03-18\/\" class=\"wp-image-698\" srcset=\"https:\/\/bilzerpackaging.com\/wp-content\/uploads\/2021\/09\/WhatsApp-Image-2021-09-08-at-13.03.18.jpeg 626w, https:\/\/bilzerpackaging.com\/wp-content\/uploads\/2021\/09\/WhatsApp-Image-2021-09-08-at-13.03.18-300x240.jpeg 300w, https:\/\/bilzerpackaging.com\/wp-content\/uploads\/2021\/09\/WhatsApp-Image-2021-09-08-at-13.03.18-600x479.jpeg 600w\" sizes=\"auto, (max-width: 626px) 100vw, 626px\" \/><figcaption class=\"blocks-gallery-item__caption\"><br>Karton \u00dcr\u00fcnler<\/figcaption><\/figure><\/li><li class=\"blocks-gallery-item\"><figure><img loading=\"lazy\" decoding=\"async\" width=\"1024\" height=\"576\" src=\"http:\/\/bilzerpackaging.com\/wp-content\/uploads\/2021\/09\/clamsell-cartonboard-1024x576.jpg\" alt=\"\" data-id=\"725\" data-full-url=\"http:\/\/bilzerpackaging.com\/wp-content\/uploads\/2021\/09\/clamsell-cartonboard-scaled.jpg\" data-link=\"http:\/\/bilzerpackaging.com\/products\/cardboard-products\/clamsell-cartonboard\/\" class=\"wp-image-725\" srcset=\"https:\/\/bilzerpackaging.com\/wp-content\/uploads\/2021\/09\/clamsell-cartonboard-1024x576.jpg 1024w, https:\/\/bilzerpackaging.com\/wp-content\/uploads\/2021\/09\/clamsell-cartonboard-300x169.jpg 300w, https:\/\/bilzerpackaging.com\/wp-content\/uploads\/2021\/09\/clamsell-cartonboard-768x432.jpg 768w, https:\/\/bilzerpackaging.com\/wp-content\/uploads\/2021\/09\/clamsell-cartonboard-1536x864.jpg 1536w, https:\/\/bilzerpackaging.com\/wp-content\/uploads\/2021\/09\/clamsell-cartonboard-2048x1152.jpg 2048w, https:\/\/bilzerpackaging.com\/wp-content\/uploads\/2021\/09\/clamsell-cartonboard-600x338.jpg 600w\" sizes=\"auto, (max-width: 1024px) 100vw, 1024px\" \/><figcaption class=\"blocks-gallery-item__caption\">Fastfood \u00dcr\u00fcnleri<\/figcaption><\/figure><\/li><\/ul><\/figure>\n\n\n\n<figure class=\"wp-block-gallery columns-3 is-cropped wp-block-gallery-2 is-layout-flex wp-block-gallery-is-layout-flex\"><ul class=\"blocks-gallery-grid\"><li class=\"blocks-gallery-item\"><figure><img loading=\"lazy\" decoding=\"async\" width=\"708\" height=\"509\" src=\"http:\/\/bilzerpackaging.com\/wp-content\/uploads\/2021\/11\/a2a8a25419765ad978d7f9acd7412c77-e1636120664227.jpg\" alt=\"\" data-id=\"967\" data-full-url=\"http:\/\/bilzerpackaging.com\/wp-content\/uploads\/2021\/11\/a2a8a25419765ad978d7f9acd7412c77-e1636120664227.jpg\" data-link=\"http:\/\/bilzerpackaging.com\/products\/cardboard-products\/a2a8a25419765ad978d7f9acd7412c77\/\" class=\"wp-image-967\" srcset=\"https:\/\/bilzerpackaging.com\/wp-content\/uploads\/2021\/11\/a2a8a25419765ad978d7f9acd7412c77-e1636120664227.jpg 708w, https:\/\/bilzerpackaging.com\/wp-content\/uploads\/2021\/11\/a2a8a25419765ad978d7f9acd7412c77-e1636120664227-300x216.jpg 300w, https:\/\/bilzerpackaging.com\/wp-content\/uploads\/2021\/11\/a2a8a25419765ad978d7f9acd7412c77-e1636120664227-600x431.jpg 600w\" sizes=\"auto, (max-width: 708px) 100vw, 708px\" \/><figcaption class=\"blocks-gallery-item__caption\">Karton Kutular<\/figcaption><\/figure><\/li><li class=\"blocks-gallery-item\"><figure><img loading=\"lazy\" decoding=\"async\" width=\"1024\" height=\"683\" src=\"http:\/\/bilzerpackaging.com\/wp-content\/uploads\/2021\/09\/paper-bag-and-carton-cup-paper-products-cartonboard-products-1-1024x683.jpg\" alt=\"\" data-id=\"754\" data-full-url=\"http:\/\/bilzerpackaging.com\/wp-content\/uploads\/2021\/09\/paper-bag-and-carton-cup-paper-products-cartonboard-products-1-scaled.jpg\" data-link=\"http:\/\/bilzerpackaging.com\/products\/cardboard-products\/paper-bag-and-carton-cup-paper-products-cartonboard-products-1\/\" class=\"wp-image-754\" srcset=\"https:\/\/bilzerpackaging.com\/wp-content\/uploads\/2021\/09\/paper-bag-and-carton-cup-paper-products-cartonboard-products-1-1024x683.jpg 1024w, https:\/\/bilzerpackaging.com\/wp-content\/uploads\/2021\/09\/paper-bag-and-carton-cup-paper-products-cartonboard-products-1-300x200.jpg 300w, https:\/\/bilzerpackaging.com\/wp-content\/uploads\/2021\/09\/paper-bag-and-carton-cup-paper-products-cartonboard-products-1-768x512.jpg 768w, https:\/\/bilzerpackaging.com\/wp-content\/uploads\/2021\/09\/paper-bag-and-carton-cup-paper-products-cartonboard-products-1-1536x1024.jpg 1536w, https:\/\/bilzerpackaging.com\/wp-content\/uploads\/2021\/09\/paper-bag-and-carton-cup-paper-products-cartonboard-products-1-2048x1366.jpg 2048w, https:\/\/bilzerpackaging.com\/wp-content\/uploads\/2021\/09\/paper-bag-and-carton-cup-paper-products-cartonboard-products-1-600x400.jpg 600w\" sizes=\"auto, (max-width: 1024px) 100vw, 1024px\" \/><figcaption class=\"blocks-gallery-item__caption\">Karton Bardaklar<\/figcaption><\/figure><\/li><li class=\"blocks-gallery-item\"><figure><img loading=\"lazy\" decoding=\"async\" width=\"1024\" height=\"770\" src=\"http:\/\/bilzerpackaging.com\/wp-content\/uploads\/2021\/09\/clamsell-fries-bag-box-cartonboard-1024x770.jpg\" alt=\"\" data-id=\"753\" data-full-url=\"http:\/\/bilzerpackaging.com\/wp-content\/uploads\/2021\/09\/clamsell-fries-bag-box-cartonboard-scaled.jpg\" data-link=\"http:\/\/bilzerpackaging.com\/products\/cardboard-products\/clamsell-fries-bag-box-cartonboard\/\" class=\"wp-image-753\" srcset=\"https:\/\/bilzerpackaging.com\/wp-content\/uploads\/2021\/09\/clamsell-fries-bag-box-cartonboard-1024x770.jpg 1024w, https:\/\/bilzerpackaging.com\/wp-content\/uploads\/2021\/09\/clamsell-fries-bag-box-cartonboard-300x226.jpg 300w, https:\/\/bilzerpackaging.com\/wp-content\/uploads\/2021\/09\/clamsell-fries-bag-box-cartonboard-768x578.jpg 768w, https:\/\/bilzerpackaging.com\/wp-content\/uploads\/2021\/09\/clamsell-fries-bag-box-cartonboard-1536x1155.jpg 1536w, https:\/\/bilzerpackaging.com\/wp-content\/uploads\/2021\/09\/clamsell-fries-bag-box-cartonboard-2048x1540.jpg 2048w, https:\/\/bilzerpackaging.com\/wp-content\/uploads\/2021\/09\/clamsell-fries-bag-box-cartonboard-600x451.jpg 600w\" sizes=\"auto, (max-width: 1024px) 100vw, 1024px\" \/><figcaption class=\"blocks-gallery-item__caption\">Clamshell &amp; Fries Bags<\/figcaption><\/figure><\/li><\/ul><\/figure>\n\n\n\n<figure class=\"wp-block-gallery columns-1 is-cropped wp-block-gallery-3 is-layout-flex wp-block-gallery-is-layout-flex\"><ul class=\"blocks-gallery-grid\"><li class=\"blocks-gallery-item\"><figure><img loading=\"lazy\" decoding=\"async\" width=\"1024\" height=\"680\" src=\"http:\/\/bilzerpackaging.com\/wp-content\/uploads\/2021\/09\/cartonboard-bag-cartonboard-1024x680.jpg\" alt=\"\" data-id=\"752\" data-full-url=\"http:\/\/bilzerpackaging.com\/wp-content\/uploads\/2021\/09\/cartonboard-bag-cartonboard-scaled.jpg\" data-link=\"http:\/\/bilzerpackaging.com\/products\/cardboard-products\/cartonboard-bag-cartonboard\/\" class=\"wp-image-752\" srcset=\"https:\/\/bilzerpackaging.com\/wp-content\/uploads\/2021\/09\/cartonboard-bag-cartonboard-1024x680.jpg 1024w, https:\/\/bilzerpackaging.com\/wp-content\/uploads\/2021\/09\/cartonboard-bag-cartonboard-300x199.jpg 300w, https:\/\/bilzerpackaging.com\/wp-content\/uploads\/2021\/09\/cartonboard-bag-cartonboard-768x510.jpg 768w, https:\/\/bilzerpackaging.com\/wp-content\/uploads\/2021\/09\/cartonboard-bag-cartonboard-1536x1020.jpg 1536w, https:\/\/bilzerpackaging.com\/wp-content\/uploads\/2021\/09\/cartonboard-bag-cartonboard-2048x1360.jpg 2048w, https:\/\/bilzerpackaging.com\/wp-content\/uploads\/2021\/09\/cartonboard-bag-cartonboard-600x399.jpg 600w\" sizes=\"auto, (max-width: 1024px) 100vw, 1024px\" \/><figcaption class=\"blocks-gallery-item__caption\">Karton \u00c7antalar<\/figcaption><\/figure><\/li><\/ul><\/figure>\n\n\n\n<figure class=\"wp-block-gallery columns-3 is-cropped wp-block-gallery-4 is-layout-flex wp-block-gallery-is-layout-flex\"><ul class=\"blocks-gallery-grid\"><li class=\"blocks-gallery-item\"><figure><img loading=\"lazy\" decoding=\"async\" width=\"1000\" height=\"909\" src=\"http:\/\/bilzerpackaging.com\/wp-content\/uploads\/2021\/11\/3-Ply-Corrugated-Box_coverimage.jpeg\" alt=\"\" data-id=\"965\" data-full-url=\"http:\/\/bilzerpackaging.com\/wp-content\/uploads\/2021\/11\/3-Ply-Corrugated-Box_coverimage.jpeg\" data-link=\"http:\/\/bilzerpackaging.com\/products\/cardboard-products\/3-ply-corrugated-box_coverimage\/\" class=\"wp-image-965\" srcset=\"https:\/\/bilzerpackaging.com\/wp-content\/uploads\/2021\/11\/3-Ply-Corrugated-Box_coverimage.jpeg 1000w, https:\/\/bilzerpackaging.com\/wp-content\/uploads\/2021\/11\/3-Ply-Corrugated-Box_coverimage-300x273.jpeg 300w, https:\/\/bilzerpackaging.com\/wp-content\/uploads\/2021\/11\/3-Ply-Corrugated-Box_coverimage-768x698.jpeg 768w, https:\/\/bilzerpackaging.com\/wp-content\/uploads\/2021\/11\/3-Ply-Corrugated-Box_coverimage-600x545.jpeg 600w\" sizes=\"auto, (max-width: 1000px) 100vw, 1000px\" \/><figcaption class=\"blocks-gallery-item__caption\">Oluklu Kutular<\/figcaption><\/figure><\/li><li class=\"blocks-gallery-item\"><figure><img loading=\"lazy\" decoding=\"async\" width=\"1024\" height=\"853\" src=\"http:\/\/bilzerpackaging.com\/wp-content\/uploads\/2021\/09\/4055554-1024x853.jpg\" alt=\"\" data-id=\"701\" data-link=\"http:\/\/bilzerpackaging.com\/products\/cardboard-products\/attachment\/4055554\/\" class=\"wp-image-701\" srcset=\"https:\/\/bilzerpackaging.com\/wp-content\/uploads\/2021\/09\/4055554-1024x853.jpg 1024w, https:\/\/bilzerpackaging.com\/wp-content\/uploads\/2021\/09\/4055554-300x250.jpg 300w, https:\/\/bilzerpackaging.com\/wp-content\/uploads\/2021\/09\/4055554-768x640.jpg 768w, https:\/\/bilzerpackaging.com\/wp-content\/uploads\/2021\/09\/4055554-1536x1280.jpg 1536w, https:\/\/bilzerpackaging.com\/wp-content\/uploads\/2021\/09\/4055554-2048x1707.jpg 2048w, https:\/\/bilzerpackaging.com\/wp-content\/uploads\/2021\/09\/4055554-600x500.jpg 600w\" sizes=\"auto, (max-width: 1024px) 100vw, 1024px\" \/><figcaption class=\"blocks-gallery-item__caption\">Te\u015fhir Standlar\u0131<\/figcaption><\/figure><\/li><li class=\"blocks-gallery-item\"><figure><img loading=\"lazy\" decoding=\"async\" width=\"500\" height=\"500\" src=\"http:\/\/bilzerpackaging.com\/wp-content\/uploads\/2021\/11\/counter-display-boxes-500x500-1.jpeg\" alt=\"\" data-id=\"958\" data-link=\"http:\/\/bilzerpackaging.com\/products\/cardboard-products\/counter-display-boxes-500x500-1\/\" class=\"wp-image-958\" srcset=\"https:\/\/bilzerpackaging.com\/wp-content\/uploads\/2021\/11\/counter-display-boxes-500x500-1.jpeg 500w, https:\/\/bilzerpackaging.com\/wp-content\/uploads\/2021\/11\/counter-display-boxes-500x500-1-300x300.jpeg 300w, https:\/\/bilzerpackaging.com\/wp-content\/uploads\/2021\/11\/counter-display-boxes-500x500-1-150x150.jpeg 150w, https:\/\/bilzerpackaging.com\/wp-content\/uploads\/2021\/11\/counter-display-boxes-500x500-1-270x270.jpeg 270w, https:\/\/bilzerpackaging.com\/wp-content\/uploads\/2021\/11\/counter-display-boxes-500x500-1-230x230.jpeg 230w, https:\/\/bilzerpackaging.com\/wp-content\/uploads\/2021\/11\/counter-display-boxes-500x500-1-45x45.jpeg 45w, https:\/\/bilzerpackaging.com\/wp-content\/uploads\/2021\/11\/counter-display-boxes-500x500-1-100x100.jpeg 100w\" sizes=\"auto, (max-width: 500px) 100vw, 500px\" \/><figcaption class=\"blocks-gallery-item__caption\">Te\u015fhir Kutular\u0131<\/figcaption><\/figure><\/li><\/ul><\/figure>\n\n\n\n<figure class=\"wp-block-gallery columns-0 is-cropped wp-block-gallery-5 is-layout-flex wp-block-gallery-is-layout-flex\"><ul class=\"blocks-gallery-grid\"><\/ul><\/figure>","protected":false},"excerpt":{"rendered":"","protected":false},"author":1,"featured_media":629,"parent":92,"menu_order":0,"comment_status":"closed","ping_status":"open","template":"","meta":{"footnotes":""},"class_list":["post-94","page","type-page","status-publish","has-post-thumbnail","hentry"],"_links":{"self":[{"href":"https:\/\/bilzerpackaging.com\/tr\/wp-json\/wp\/v2\/pages\/94","targetHints":{"allow":["GET"]}}],"collection":[{"href":"https:\/\/bilzerpackaging.com\/tr\/wp-json\/wp\/v2\/pages"}],"about":[{"href":"https:\/\/bilzerpackaging.com\/tr\/wp-json\/wp\/v2\/types\/page"}],"author":[{"embeddable":true,"href":"https:\/\/bilzerpackaging.com\/tr\/wp-json\/wp\/v2\/users\/1"}],"replies":[{"embeddable":true,"href":"https:\/\/bilzerpackaging.com\/tr\/wp-json\/wp\/v2\/comments?post=94"}],"version-history":[{"count":17,"href":"https:\/\/bilzerpackaging.com\/tr\/wp-json\/wp\/v2\/pages\/94\/revisions"}],"predecessor-version":[{"id":968,"href":"https:\/\/bilzerpackaging.com\/tr\/wp-json\/wp\/v2\/pages\/94\/revisions\/968"}],"up":[{"embeddable":true,"href":"https:\/\/bilzerpackaging.com\/tr\/wp-json\/wp\/v2\/pages\/92"}],"wp:featuredmedia":[{"embeddable":true,"href":"https:\/\/bilzerpackaging.com\/tr\/wp-json\/wp\/v2\/media\/629"}],"wp:attachment":[{"href":"https:\/\/bilzerpackaging.com\/tr\/wp-json\/wp\/v2\/media?parent=94"}],"curies":[{"name":"wp","href":"https:\/\/api.w.org\/{rel}","templated":true}]}}